{"id":229449,"date":"2025-02-13T14:32:48","date_gmt":"2025-02-13T13:32:48","guid":{"rendered":"https:\/\/www.qualipath.de\/nuertingen\/?page_id=229449"},"modified":"2025-06-12T09:41:34","modified_gmt":"2025-06-12T07:41:34","slug":"philosophie","status":"publish","type":"page","link":"https:\/\/www.qualipath.de\/nuertingen\/ueber-uns\/philosophie\/","title":{"rendered":"Philosophie"},"content":{"rendered":"<p>[et_pb_section fb_built=&#8220;1&#8243; admin_label=&#8220;Slider&#8220; _builder_version=&#8220;4.27.4&#8243; _module_preset=&#8220;default&#8220; width=&#8220;100vw&#8220; max_width=&#8220;100vw&#8220; custom_padding=&#8220;0px||0px||false|false&#8220; locked=&#8220;off&#8220; global_colors_info=&#8220;{}&#8220;][et_pb_row _builder_version=&#8220;4.27.4&#8243; _module_preset=&#8220;default&#8220; width=&#8220;90%&#8220; width_tablet=&#8220;100%&#8220; width_phone=&#8220;100%&#8220; width_last_edited=&#8220;on|phone&#8220; custom_margin=&#8220;0px||0px||false|false&#8220; custom_padding=&#8220;0px||0px||false|false&#8220; global_colors_info=&#8220;{}&#8220;][et_pb_column type=&#8220;4_4&#8243; _builder_version=&#8220;4.27.4&#8243; _module_preset=&#8220;default&#8220; global_colors_info=&#8220;{}&#8220;][et_pb_text admin_label=&#8220;Slider-Headline&#8220; _builder_version=&#8220;4.27.4&#8243; _module_preset=&#8220;default&#8220; text_text_color=&#8220;#1D1D1B&#8220; text_font_size=&#8220;28px&#8220; text_line_height=&#8220;1.2em&#8220; header_4_font=&#8220;|600|||||||&#8220; header_4_text_color=&#8220;#1D1D1B&#8220; header_4_font_size=&#8220;30px&#8220; header_4_line_height=&#8220;1.2em&#8220; background_color=&#8220;RGBA(255,255,255,0)&#8220; use_background_color_gradient=&#8220;on&#8220; background_color_gradient_direction=&#8220;91deg&#8220; background_color_gradient_stops=&#8220;#ffffff 0%|rgba(0,196,163,0) 98%&#8220; positioning=&#8220;absolute&#8220; position_origin_a=&#8220;bottom_left&#8220; z_index=&#8220;500&#8243; width=&#8220;50%&#8220; custom_padding=&#8220;2%|5%|1%|5%|false|true&#8220; animation_style=&#8220;slide&#8220; animation_direction=&#8220;bottom&#8220; animation_intensity_slide=&#8220;5%&#8220; global_colors_info=&#8220;{}&#8220;]<\/p>\n<h1><strong>Unsere Philosophie<\/strong><\/h1>\n<h1><\/h1>\n<p>[\/et_pb_text][et_pb_slider show_arrows=&#8220;off&#8220; show_pagination=&#8220;off&#8220; admin_label=&#8220;Slider-Bild&#8220; _builder_version=&#8220;4.27.4&#8243; _module_preset=&#8220;default&#8220; background_image=&#8220;https:\/\/www.qualipath.de\/nuertingen\/wp-content\/uploads\/sites\/3\/2025\/02\/qualipath-leistungsspektrum-1.jpg&#8220; auto=&#8220;on&#8220; custom_css_slide_title=&#8220;animation-name:fadeTop;&#8220; custom_css_slide_image=&#8220;animation-name:fadeTop;&#8220; global_colors_info=&#8220;{}&#8220;][et_pb_slide _builder_version=&#8220;4.27.4&#8243; _module_preset=&#8220;default&#8220; background_enable_color=&#8220;off&#8220; background_image=&#8220;https:\/\/www.qualipath.de\/nuertingen\/wp-content\/uploads\/sites\/3\/2025\/02\/qualipath-leistungsspektrum-labor-2.jpg&#8220; background_enable_image=&#8220;on&#8220; global_colors_info=&#8220;{}&#8220; sticky_transition=&#8220;on&#8220;][\/et_pb_slide][\/et_pb_slider][\/et_pb_column][\/et_pb_row][\/et_pb_section][et_pb_section fb_built=&#8220;1&#8243; admin_label=&#8220;Inhalt&#8220; _builder_version=&#8220;4.27.4&#8243; _module_preset=&#8220;default&#8220; custom_margin=&#8220;0px||0px||false|false&#8220; custom_padding=&#8220;0px||40px||false|false&#8220; animation_style=&#8220;fade&#8220; locked=&#8220;off&#8220; collapsed=&#8220;on&#8220; global_colors_info=&#8220;{}&#8220;][et_pb_row _builder_version=&#8220;4.27.4&#8243; _module_preset=&#8220;default&#8220; width=&#8220;90%&#8220; global_colors_info=&#8220;{}&#8220;][et_pb_column type=&#8220;4_4&#8243; _builder_version=&#8220;4.27.4&#8243; _module_preset=&#8220;default&#8220; global_colors_info=&#8220;{}&#8220;][et_pb_text _builder_version=&#8220;4.27.4&#8243; _module_preset=&#8220;default&#8220; custom_margin=&#8220;||10px||false|false&#8220; global_colors_info=&#8220;{}&#8220;]<\/p>\n<h2>Hochspezialisiert, genau und verl\u00e4sslich.<\/h2>\n<p>[\/et_pb_text][et_pb_text _builder_version=&#8220;4.27.4&#8243; _module_preset=&#8220;default&#8220; global_colors_info=&#8220;{}&#8220;]<\/p>\n<p>Das Ziel unserer gemeinschaftlichen Arbeit ist die pr\u00e4zise und schnelle histomorphologische Diagnosesicherung, um unserer Aufgabe als Lotse der Therapie gerecht zu werden. Dies dient nicht nur der Zufriedenheit von klinischen Partnern und Patienten, sondern tr\u00e4gt auch zu einer kosteneffektiven Behandlungsstrategie bei.<\/p>\n<p>Um dieser Aufgabe gerecht zu werden, betreiben wir eine kontinuierliche Fort- und Weiterbildung auf allen Ebenen der Mitarbeiter. Zur Erf\u00fcllung der wachsenden Anspr\u00fcche an eine pr\u00e4diktive und prognostische Pathologie stellen wir ein umfangreiches Panel an erg\u00e4nzenden Zusatzuntersuchungen bereit (z.B. Immunhistochemie\/Molekularpathologie).<\/p>\n<p>[\/et_pb_text][\/et_pb_column][\/et_pb_row][\/et_pb_section]<\/p>\n","protected":false},"excerpt":{"rendered":"<p>Unsere Philosophie Hochspezialisiert, genau und verl\u00e4sslich.Das Ziel unserer gemeinschaftlichen Arbeit ist die pr\u00e4zise und schnelle histomorphologische Diagnosesicherung, um unserer Aufgabe als Lotse der Therapie gerecht zu werden. Dies dient nicht nur der Zufriedenheit von klinischen Partnern und Patienten, sondern tr\u00e4gt auch zu einer kosteneffektiven Behandlungsstrategie bei. Um dieser Aufgabe gerecht zu werden, betreiben wir eine [&hellip;]<\/p>\n","protected":false},"author":1,"featured_media":0,"parent":229438,"menu_order":0,"comment_status":"closed","ping_status":"closed","template":"","meta":{"_et_pb_use_builder":"on","_et_pb_old_content":"","_et_gb_content_width":"","footnotes":""},"dipi_cpt_category":[],"class_list":["post-229449","page","type-page","status-publish","hentry"],"_links":{"self":[{"href":"https:\/\/www.qualipath.de\/nuertingen\/wp-json\/wp\/v2\/pages\/229449","targetHints":{"allow":["GET"]}}],"collection":[{"href":"https:\/\/www.qualipath.de\/nuertingen\/wp-json\/wp\/v2\/pages"}],"about":[{"href":"https:\/\/www.qualipath.de\/nuertingen\/wp-json\/wp\/v2\/types\/page"}],"author":[{"embeddable":true,"href":"https:\/\/www.qualipath.de\/nuertingen\/wp-json\/wp\/v2\/users\/1"}],"replies":[{"embeddable":true,"href":"https:\/\/www.qualipath.de\/nuertingen\/wp-json\/wp\/v2\/comments?post=229449"}],"version-history":[{"count":10,"href":"https:\/\/www.qualipath.de\/nuertingen\/wp-json\/wp\/v2\/pages\/229449\/revisions"}],"predecessor-version":[{"id":230414,"href":"https:\/\/www.qualipath.de\/nuertingen\/wp-json\/wp\/v2\/pages\/229449\/revisions\/230414"}],"up":[{"embeddable":true,"href":"https:\/\/www.qualipath.de\/nuertingen\/wp-json\/wp\/v2\/pages\/229438"}],"wp:attachment":[{"href":"https:\/\/www.qualipath.de\/nuertingen\/wp-json\/wp\/v2\/media?parent=229449"}],"wp:term":[{"taxonomy":"dipi_cpt_category","embeddable":true,"href":"https:\/\/www.qualipath.de\/nuertingen\/wp-json\/wp\/v2\/dipi_cpt_category?post=229449"}],"curies":[{"name":"wp","href":"https:\/\/api.w.org\/{rel}","templated":true}]}}