{"id":229482,"date":"2025-02-13T15:13:22","date_gmt":"2025-02-13T14:13:22","guid":{"rendered":"https:\/\/www.qualipath.de\/nuertingen\/?page_id=229482"},"modified":"2025-06-12T08:01:07","modified_gmt":"2025-06-12T06:01:07","slug":"infos-fuer-einsender","status":"publish","type":"page","link":"https:\/\/www.qualipath.de\/nuertingen\/infos-fuer-einsender\/","title":{"rendered":"Infos f\u00fcr Einsender"},"content":{"rendered":"<p>[et_pb_section fb_built=&#8220;1&#8243; admin_label=&#8220;Slider&#8220; _builder_version=&#8220;4.27.4&#8243; _module_preset=&#8220;default&#8220; width=&#8220;100vw&#8220; max_width=&#8220;100vw&#8220; custom_padding=&#8220;0px||0px||false|false&#8220; locked=&#8220;off&#8220; global_colors_info=&#8220;{}&#8220;][et_pb_row _builder_version=&#8220;4.27.4&#8243; _module_preset=&#8220;default&#8220; width=&#8220;90%&#8220; width_tablet=&#8220;100%&#8220; width_phone=&#8220;100%&#8220; width_last_edited=&#8220;on|phone&#8220; custom_margin=&#8220;0px||0px||false|false&#8220; custom_padding=&#8220;0px||0px||false|false&#8220; hover_enabled=&#8220;0&#8243; global_colors_info=&#8220;{}&#8220; sticky_enabled=&#8220;0&#8243;][et_pb_column type=&#8220;4_4&#8243; _builder_version=&#8220;4.27.4&#8243; _module_preset=&#8220;default&#8220; global_colors_info=&#8220;{}&#8220;][et_pb_slider show_arrows=&#8220;off&#8220; show_pagination=&#8220;off&#8220; admin_label=&#8220;Slider-Bild&#8220; _builder_version=&#8220;4.27.4&#8243; _module_preset=&#8220;default&#8220; background_enable_image=&#8220;off&#8220; custom_margin=&#8220;||0px||false|false&#8220; auto=&#8220;on&#8220; hover_enabled=&#8220;0&#8243; custom_css_slide_title=&#8220;animation-name:fadeTop;&#8220; custom_css_slide_image=&#8220;animation-name:fadeTop;&#8220; global_colors_info=&#8220;{}&#8220; sticky_enabled=&#8220;0&#8243;][et_pb_slide _builder_version=&#8220;4.27.4&#8243; _module_preset=&#8220;default&#8220; background_enable_color=&#8220;off&#8220; background_image=&#8220;https:\/\/www.qualipath.de\/nuertingen\/wp-content\/uploads\/sites\/3\/2025\/02\/qualipath-infos-fuer-einsender-5.jpg&#8220; background_enable_image=&#8220;on&#8220; global_colors_info=&#8220;{}&#8220; sticky_transition=&#8220;on&#8220;][\/et_pb_slide][et_pb_slide _builder_version=&#8220;4.27.4&#8243; _module_preset=&#8220;default&#8220; background_enable_color=&#8220;off&#8220; background_image=&#8220;https:\/\/www.qualipath.de\/nuertingen\/wp-content\/uploads\/sites\/3\/2025\/02\/qualipath-infos-fuer-einsender-4.jpg&#8220; background_enable_image=&#8220;on&#8220; global_colors_info=&#8220;{}&#8220; sticky_transition=&#8220;on&#8220;][\/et_pb_slide][et_pb_slide _builder_version=&#8220;4.27.4&#8243; _module_preset=&#8220;default&#8220; background_enable_color=&#8220;off&#8220; background_image=&#8220;https:\/\/www.qualipath.de\/nuertingen\/wp-content\/uploads\/sites\/3\/2025\/02\/qualipath-infos-fuer-einsender-3.jpg&#8220; background_enable_image=&#8220;on&#8220; global_colors_info=&#8220;{}&#8220; sticky_transition=&#8220;on&#8220;][\/et_pb_slide][\/et_pb_slider][et_pb_text admin_label=&#8220;Slider-Headline&#8220; _builder_version=&#8220;4.27.4&#8243; _module_preset=&#8220;default&#8220; text_text_color=&#8220;#1D1D1B&#8220; text_font_size=&#8220;28px&#8220; text_line_height=&#8220;1.2em&#8220; header_4_font=&#8220;|600|||||||&#8220; header_4_text_color=&#8220;#1D1D1B&#8220; header_4_font_size=&#8220;30px&#8220; header_4_line_height=&#8220;1.2em&#8220; background_color=&#8220;RGBA(255,255,255,0)&#8220; use_background_color_gradient=&#8220;on&#8220; background_color_gradient_direction=&#8220;91deg&#8220; background_color_gradient_stops=&#8220;#ffffff 0%|rgba(0,196,163,0) 98%&#8220; positioning=&#8220;absolute&#8220; position_origin_a=&#8220;bottom_left&#8220; z_index=&#8220;500&#8243; width=&#8220;50%&#8220; custom_padding=&#8220;2%|5%|1%|5%|false|true&#8220; animation_style=&#8220;slide&#8220; animation_direction=&#8220;bottom&#8220; animation_intensity_slide=&#8220;5%&#8220; global_colors_info=&#8220;{}&#8220;]<\/p>\n<h1><strong>Informationen f\u00fcr Einsender<\/strong><\/h1>\n<h1><\/h1>\n<p>[\/et_pb_text][\/et_pb_column][\/et_pb_row][\/et_pb_section][et_pb_section fb_built=&#8220;1&#8243; admin_label=&#8220;Inhalt&#8220; _builder_version=&#8220;4.27.4&#8243; _module_preset=&#8220;default&#8220; custom_margin=&#8220;0px||0px||false|false&#8220; custom_padding=&#8220;0px||40px||false|false&#8220; animation_style=&#8220;fade&#8220; locked=&#8220;off&#8220; collapsed=&#8220;on&#8220; global_colors_info=&#8220;{}&#8220;][et_pb_row _builder_version=&#8220;4.27.4&#8243; _module_preset=&#8220;default&#8220; width=&#8220;90%&#8220; global_colors_info=&#8220;{}&#8220;][et_pb_column type=&#8220;4_4&#8243; _builder_version=&#8220;4.27.4&#8243; _module_preset=&#8220;default&#8220; global_colors_info=&#8220;{}&#8220;][et_pb_text _builder_version=&#8220;4.27.4&#8243; _module_preset=&#8220;default&#8220; global_colors_info=&#8220;{}&#8220;]<\/p>\n<p>Bitte beachten Sie bei der Einsendung von fixiertem und unfixiertem Untersuchungsmaterial folgende Hinweise:<\/p>\n<p>[\/et_pb_text][et_pb_accordion open_toggle_text_color=&#8220;#0092BB&#8220; open_toggle_background_color=&#8220;RGBA(255,255,255,0)&#8220; closed_toggle_text_color=&#8220;#0092BB&#8220; closed_toggle_background_color=&#8220;RGBA(255,255,255,0)&#8220; toggle_icon=&#8220;&#x35;||divi||400&#8243; icon_color=&#8220;#0092BB&#8220; use_icon_font_size=&#8220;on&#8220; icon_font_size=&#8220;28px&#8220; module_class=&#8220;pa-accordion-clickable-area pa-add-accordion-icon open-close-accordion&#8220; _builder_version=&#8220;4.27.4&#8243; _module_preset=&#8220;default&#8220; toggle_line_height=&#8220;1.4em&#8220; custom_margin=&#8220;0px||0px||false|false&#8220; custom_padding=&#8220;0px|0px|0px|0px|false|false&#8220; global_colors_info=&#8220;{}&#8220;][et_pb_accordion_item title=&#8220;Pr\u00e4analytik&#8220; open=&#8220;on&#8220; _builder_version=&#8220;4.27.4&#8243; _module_preset=&#8220;default&#8220; custom_margin=&#8220;||10px||false|false&#8220; custom_padding=&#8220;0px||||false|false&#8220; global_colors_info=&#8220;{}&#8220;]<\/p>\n<div class=\"nxt_content_container\">[et_pb_section fb_built=\"1\" _builder_version=\"4.27.4\" custom_padding=\"0px||0px||false|false\" template_type=\"section\" global_colors_info=\"{}\"][et_pb_row use_custom_gutter=\"on\" gutter_width=\"2\" _builder_version=\"4.27.4\" _module_preset=\"default\" width=\"100%\" max_width=\"100%\" custom_margin=\"0px||0px||false|false\" custom_padding=\"20px|20px|20px|20px|false|false\" global_colors_info=\"{}\"][et_pb_column type=\"4_4\" _builder_version=\"4.27.4\" _module_preset=\"default\" global_colors_info=\"{}\"][et_pb_text _builder_version=\"4.27.6\" _module_preset=\"default\" hover_enabled=\"0\" global_colors_info=\"{}\" sticky_enabled=\"0\"]<p><strong>Einsenderinformation<\/strong><\/p>\n<p>Allgemeine Information<\/p>\n<p><strong>\u00a0Natives Gewebe (Schnellschnitt)<\/strong><\/p>\n<ul>\n<li>Transport ausschlie\u00dflich per Kurier. Sofort nach Entnahme f\u00fcr die intraoperative Diagnostik (Schnellschnitt)<\/li>\n<li>K\u00fchlung bei kurzer Transportzeit nicht obligatorisch<\/li>\n<\/ul>\n<p><strong>Fixiertes Biopsie- und\/oder Operationsmaterial<\/strong><\/p>\n<ul>\n<li>Vorbereitende Ma\u00dfnahme: Sachgerechte Pr\u00e4paration bzw. Er\u00f6ffnung gr\u00f6\u00dferer Hohlorgane oder mehrfaches Einschneiden gr\u00f6\u00dferer solider Gewebsproben<\/li>\n<li>Fixierung: 4%ige Formalinl\u00f6sung (immer gepuffert) Volumenverh\u00e4ltnis Gewebe\/Fixationsl\u00f6sung mindestens 1:5<\/li>\n<li>Einhaltung einer Mindest- (6 Std) und H\u00f6chstdauer (48 Std) der Fixierung ist Voraussetzung f\u00fcr die Zuverl\u00e4ssigkeit immunhistochemischer und molekularer Untersuchungen (z.B. Hormonrezeptor- und Her-2\/neu-Status)<\/li>\n<\/ul>\n<p><strong>Ausstrichpr\u00e4parat (Schilddr\u00fcse, Sputum)<\/strong><\/p>\n<ul>\n<li>Mindestens 4 Objekttr\u00e4ger pro Untersuchung, die H\u00e4lfte der Ausstriche lufttrocknen lassen, die andere H\u00e4lfte fixieren (vorzugsweise Fixierspray, sonst Alkohol 96%ig) und entsprechend kennzeichnen<\/li>\n<\/ul>\n<p><strong>Bronchoalveol\u00e4re Lavage (BAL)<\/strong><\/p>\n<ul>\n<li>Lavagefl\u00fcssigkeit (mindestens 10 ml) nativ einsenden, auf kurze Transportzeit achten (\u00dcbersendung m\u00f6glichst am selben Tag)!<\/li>\n<\/ul>\n<p><strong>Urin<\/strong><\/p>\n<ul>\n<li>M\u00f6glichst direkt nach Entnahme im Mengenverh\u00e4ltnis 1:1 mit 50%igem Alkohol versetzen und einsenden<\/li>\n<\/ul>\n<p><strong>Punktat (Pleura, Aszites, Zysten, Schilddr\u00fcse)<\/strong><\/p>\n<ul>\n<li>Immer nativ \u00fcbersenden, ohne Zusatz von Fixantien!<\/li>\n<\/ul>\n<p><strong>Liquor<\/strong><\/p>\n<ul>\n<li>So rasch wie m\u00f6glich nach Entnahme nativ per Kurier \u00fcbersenden (m\u00f6glichst binnen 2 Stunden nach Entnahme)<\/li>\n<li>Falls dies nicht m\u00f6glich ist: im Mengenverh\u00e4ltnis 1:1 mit gepufferter 4%iger Formaldehydl\u00f6sung versetzen<\/li>\n<li>Probengef\u00e4\u00df wenig bewegen, keinen gr\u00f6\u00dferen Temperaturschwankungen aussetzen<\/li>\n<\/ul>[\/et_pb_text][\/et_pb_column][\/et_pb_row][\/et_pb_section]<\/div>\n<p>[\/et_pb_accordion_item][et_pb_accordion_item title=&#8220;Befundlaufzeiten&#8220; _builder_version=&#8220;4.27.4&#8243; _module_preset=&#8220;default&#8220; custom_margin=&#8220;||10px||false|false&#8220; global_colors_info=&#8220;{}&#8220; open=&#8220;off&#8220;]<\/p>\n<div class=\"nxt_content_container\">[et_pb_section fb_built=\"1\" _builder_version=\"4.27.4\" hover_enabled=\"0\" template_type=\"section\" global_colors_info=\"{}\" custom_padding=\"0px||0px||false|false\" sticky_enabled=\"0\"][et_pb_row _builder_version=\"4.27.4\" _module_preset=\"default\" use_custom_gutter=\"on\" gutter_width=\"2\" width=\"100%\" max_width=\"100%\" custom_margin=\"0px||0px||false|false\" custom_padding=\"20px|20px|20px|20px|false|false\" hover_enabled=\"0\" sticky_enabled=\"0\"][et_pb_column _builder_version=\"4.27.4\" _module_preset=\"default\" type=\"4_4\"][et_pb_text _builder_version=\"4.27.4\" _module_preset=\"default\" hover_enabled=\"0\" sticky_enabled=\"0\"]<p><strong>Unser Ziel ist es, die Befundlaufzeiten durch Optimierung der internen Abl\u00e4ufe sehr kurz zu halten. Eine technisch bedingte Verz\u00f6gerung von einem Werktag kann bei ungen\u00fcgend fixierten oder fettgewebshaltigen Operationspr\u00e4paraten entstehen. Eilige F\u00e4lle m\u00fcssen bis 16:30 Uhr im Labor eingetroffen sein.<\/strong><\/p>\n<ul>\n<li>Eilige F\u00e4lle (&lt;24h)<\/li>\n<li>Biopsien (in der Regel &lt;24h)<\/li>\n<li>Kleine Operationspr\u00e4parate (24-48h)<\/li>\n<li>Gro\u00dfe Operationspr\u00e4parate (48-72h)<\/li>\n<\/ul>[\/et_pb_text][\/et_pb_column][\/et_pb_row][\/et_pb_section]<\/div>\n<p>[\/et_pb_accordion_item][et_pb_accordion_item title=&#8220;Befund\u00fcbermittlung&#8220; _builder_version=&#8220;4.27.4&#8243; _module_preset=&#8220;default&#8220; custom_margin=&#8220;||10px||false|false&#8220; global_colors_info=&#8220;{}&#8220; open=&#8220;off&#8220;]<\/p>\n<div class=\"nxt_content_container\">[et_pb_section fb_built=\"1\" _builder_version=\"4.27.4\" custom_padding=\"0px||0px||false|false\" template_type=\"section\" global_colors_info=\"{}\"][et_pb_row use_custom_gutter=\"on\" gutter_width=\"2\" _builder_version=\"4.27.4\" _module_preset=\"default\" width=\"100%\" max_width=\"100%\" custom_margin=\"0px||0px||false|false\" custom_padding=\"20px|20px|20px|20px|false|false\" global_colors_info=\"{}\"][et_pb_column type=\"4_4\" _builder_version=\"4.27.4\" _module_preset=\"default\" global_colors_info=\"{}\"][et_pb_text _builder_version=\"4.27.4\" _module_preset=\"default\" hover_enabled=\"0\" global_colors_info=\"{}\" sticky_enabled=\"0\"]<p><strong>Die folgenden M\u00f6glichkeiten zur Befund\u00fcbermittlung entsprechend der DGSVO bieten wir an:<\/strong><\/p>\n<ul>\n<li>KIM (elektronischer Datenaustausch mittels KIM \u2013 Kommunikation im Medizinwesen)<\/li>\n<li>NEXUS \/ IBS (elektronischer Datenaustausch unabh\u00e4ngig von KIM)<\/li>\n<li>LDT (Labor-Daten-Transfer ggf. LDT-PDF)<\/li>\n<li>HL7-Schnittstelle zu Gro\u00dfeinsendern bzw. Kliniken<\/li>\n<li>Postversand<\/li>\n<li>E-Mail mit Verschl\u00fcsselung<\/li>\n<li>Fax<\/li>\n<\/ul>[\/et_pb_text][\/et_pb_column][\/et_pb_row][\/et_pb_section]<\/div>\n<p>[\/et_pb_accordion_item][et_pb_accordion_item title=&#8220;Proben\u00fcbermittlung\/ -Annahme&#8220; _builder_version=&#8220;4.27.4&#8243; _module_preset=&#8220;default&#8220; custom_margin=&#8220;||10px||false|false&#8220; global_colors_info=&#8220;{}&#8220; open=&#8220;off&#8220;]<\/p>\n<div class=\"nxt_content_container\">[et_pb_section fb_built=\"1\" _builder_version=\"4.27.4\" custom_padding=\"0px||0px||false|false\" template_type=\"section\" global_colors_info=\"{}\"][et_pb_row use_custom_gutter=\"on\" gutter_width=\"2\" _builder_version=\"4.27.4\" _module_preset=\"default\" width=\"100%\" max_width=\"100%\" custom_margin=\"0px||0px||false|false\" custom_padding=\"20px|20px|20px|20px|false|false\" global_colors_info=\"{}\"][et_pb_column type=\"4_4\" _builder_version=\"4.27.4\" _module_preset=\"default\" global_colors_info=\"{}\"][et_pb_text _builder_version=\"4.27.4\" _module_preset=\"default\" global_colors_info=\"{}\"]<ul>\n<li>Wir bieten eine regelm\u00e4\u00dfige Abholung der Pr\u00e4parate durch unseren <strong>Transportdienst<\/strong> im Gro\u00dfraum N\u00fcrtingen (bis beispielsweise Rottenburg, Balingen und G\u00f6ppingen) an.<\/li>\n<li>Fixierte Proben k\u00f6nnen in geeigneten Probengef\u00e4\u00dfen per Post verschickt werden.<\/li>\n<\/ul>[\/et_pb_text][\/et_pb_column][\/et_pb_row][\/et_pb_section]<\/div>\n<p>[\/et_pb_accordion_item][\/et_pb_accordion][et_pb_button button_url=&#8220;\/nuertingen\/downloads\/&#8220; button_text=&#8220;Hier gelangen Sie zu unseren Begutachtungsantr\u00e4gen&#8220; _builder_version=&#8220;4.27.4&#8243; _module_preset=&#8220;default&#8220; custom_button=&#8220;on&#8220; button_text_color=&#8220;#0092BB&#8220; button_font=&#8220;|700|||||||&#8220; button_icon=&#8220;&#xf054;||fa||900&#8243; button_icon_color=&#8220;#0092BB&#8220; button_icon_placement=&#8220;left&#8220; animation_style=&#8220;slide&#8220; animation_direction=&#8220;bottom&#8220; custom_css_main_element=&#8220;width: 100%;&#8220; global_colors_info=&#8220;{}&#8220; button_bg_color__hover=&#8220;#0092BB&#8220; button_bg_color__hover_enabled=&#8220;on|hover&#8220; button_icon_color__hover_enabled=&#8220;on|hover&#8220; button_icon_color__hover=&#8220;#FFFFFF&#8220; button_bg_enable_color__hover=&#8220;on&#8220; button_text_color__hover_enabled=&#8220;on|hover&#8220; button_text_color__hover=&#8220;#FFFFFF&#8220; button_border_color__hover_enabled=&#8220;on|hover&#8220; button_border_color__hover=&#8220;#0092BB&#8220;][\/et_pb_button][\/et_pb_column][\/et_pb_row][\/et_pb_section]<\/p>\n","protected":false},"excerpt":{"rendered":"<p>Informationen f\u00fcr Einsender Bitte beachten Sie bei der Einsendung von fixiertem und unfixiertem Untersuchungsmaterial folgende Hinweise:<div class=\"nxt_content_container\"><div class=\"et_pb_section et_pb_section_0 et_section_regular\" >\n\t\t\t\t\n\t\t\t\t\n\t\t\t\t\n\t\t\t\t\n\t\t\t\t\n\t\t\t\t\n\t\t\t\t<div class=\"et_pb_row et_pb_row_0 et_pb_gutters2\">\n\t\t\t\t<div class=\"et_pb_column et_pb_column_4_4 et_pb_column_0  et_pb_css_mix_blend_mode_passthrough et-last-child\">\n\t\t\t\t\n\t\t\t\t\n\t\t\t\t\n\t\t\t\t\n\t\t\t\t<div class=\"et_pb_module et_pb_text et_pb_text_0  et_pb_text_align_left et_pb_bg_layout_light\">\n\t\t\t\t\n\t\t\t\t\n\t\t\t\t\n\t\t\t\t\n\t\t\t\t<div class=\"et_pb_text_inner\"><p><strong>Einsenderinformation<\/strong><\/p>\n<p>Allgemeine Information<\/p>\n<p><strong>\u00a0Natives Gewebe (Schnellschnitt)<\/strong><\/p>\n<ul>\n<li>Transport ausschlie\u00dflich per Kurier. Sofort nach Entnahme f\u00fcr die intraoperative Diagnostik (Schnellschnitt)<\/li>\n<li>K\u00fchlung bei kurzer Transportzeit nicht obligatorisch<\/li>\n<\/ul>\n<p><strong>Fixiertes Biopsie- und\/oder Operationsmaterial<\/strong><\/p>\n<ul>\n<li>Vorbereitende Ma\u00dfnahme: Sachgerechte Pr\u00e4paration bzw. Er\u00f6ffnung gr\u00f6\u00dferer Hohlorgane oder mehrfaches Einschneiden gr\u00f6\u00dferer solider Gewebsproben<\/li>\n<li>Fixierung: 4%ige Formalinl\u00f6sung (immer gepuffert) Volumenverh\u00e4ltnis Gewebe\/Fixationsl\u00f6sung mindestens 1:5<\/li>\n<li>Einhaltung einer Mindest- (6 Std) und H\u00f6chstdauer (48 Std) der Fixierung ist Voraussetzung f\u00fcr die Zuverl\u00e4ssigkeit immunhistochemischer und molekularer Untersuchungen (z.B. Hormonrezeptor- und Her-2\/neu-Status)<\/li>\n<\/ul>\n<p><strong>Ausstrichpr\u00e4parat (Schilddr\u00fcse, Sputum)<\/strong><\/p>\n<ul>\n<li>Mindestens 4 Objekttr\u00e4ger pro Untersuchung, die H\u00e4lfte der Ausstriche lufttrocknen lassen, die andere H\u00e4lfte fixieren (vorzugsweise Fixierspray, sonst Alkohol 96%ig) und entsprechend kennzeichnen<\/li>\n<\/ul>\n<p><strong>Bronchoalveol\u00e4re Lavage (BAL)<\/strong><\/p>\n<ul>\n<li>Lavagefl\u00fcssigkeit (mindestens 10 ml) nativ einsenden, auf kurze Transportzeit achten (\u00dcbersendung m\u00f6glichst am selben Tag)!<\/li>\n<\/ul>\n<p><strong>Urin<\/strong><\/p>\n<ul>\n<li>M\u00f6glichst direkt nach Entnahme im Mengenverh\u00e4ltnis 1:1 mit 50%igem Alkohol versetzen und einsenden<\/li>\n<\/ul>\n<p><strong>Punktat (Pleura, Aszites, Zysten, Schilddr\u00fcse)<\/strong><\/p>\n<ul>\n<li>Immer nativ \u00fcbersenden, ohne Zusatz von Fixantien!<\/li>\n<\/ul>\n<p><strong>Liquor<\/strong><\/p>\n<ul>\n<li>So rasch wie m\u00f6glich nach Entnahme nativ per Kurier \u00fcbersenden (m\u00f6glichst binnen 2 Stunden nach Entnahme)<\/li>\n<li>Falls dies nicht m\u00f6glich ist: im Mengenverh\u00e4ltnis 1:1 mit gepufferter 4%iger Formaldehydl\u00f6sung versetzen<\/li>\n<li>Probengef\u00e4\u00df wenig bewegen, keinen gr\u00f6\u00dferen Temperaturschwankungen aussetzen<\/li>\n<\/ul><\/div>\n\t\t\t<\/div>\n\t\t\t<\/div>\n\t\t\t\t\n\t\t\t\t\n\t\t\t\t\n\t\t\t\t\n\t\t\t<\/div>\n\t\t\t\t\n\t\t\t\t\n\t\t\t<\/div><\/div><div class=\"nxt_content_container\"><div class=\"et_pb_section et_pb_section_1 et_section_regular\" >\n\t\t\t\t\n\t\t\t\t\n\t\t\t\t\n\t\t\t\t\n\t\t\t\t\n\t\t\t\t\n\t\t\t\t<div class=\"et_pb_row et_pb_row_1 et_pb_gutters2\">\n\t\t\t\t<div class=\"et_pb_column et_pb_column_4_4 et_pb_column_1  et_pb_css_mix_blend_mode_passthrough et-last-child\">\n\t\t\t\t\n\t\t\t\t\n\t\t\t\t\n\t\t\t\t\n\t\t\t\t<div class=\"et_pb_module et_pb_text et_pb_text_1  et_pb_text_align_left et_pb_bg_layout_light\">\n\t\t\t\t\n\t\t\t\t\n\t\t\t\t\n\t\t\t\t\n\t\t\t\t<div class=\"et_pb_text_inner\"><p><strong>Unser Ziel ist es, die Befundlaufzeiten durch Optimierung der internen Abl\u00e4ufe sehr kurz zu halten. Eine technisch bedingte Verz\u00f6gerung von einem Werktag kann bei ungen\u00fcgend fixierten oder fettgewebshaltigen Operationspr\u00e4paraten entstehen. Eilige F\u00e4lle m\u00fcssen bis 16:30 Uhr im Labor eingetroffen sein.<\/strong><\/p>\n<ul>\n<li>Eilige F\u00e4lle (&lt;24h)<\/li>\n<li>Biopsien (in der Regel &lt;24h)<\/li>\n<li>Kleine Operationspr\u00e4parate (24-48h)<\/li>\n<li>Gro\u00dfe Operationspr\u00e4parate (48-72h)<\/li>\n<\/ul><\/div>\n\t\t\t<\/div>\n\t\t\t<\/div>\n\t\t\t\t\n\t\t\t\t\n\t\t\t\t\n\t\t\t\t\n\t\t\t<\/div>\n\t\t\t\t\n\t\t\t\t\n\t\t\t<\/div><\/div><div class=\"nxt_content_container\"><div class=\"et_pb_section et_pb_section_2 et_section_regular\" >\n\t\t\t\t\n\t\t\t\t\n\t\t\t\t\n\t\t\t\t\n\t\t\t\t\n\t\t\t\t\n\t\t\t\t<div class=\"et_pb_row et_pb_row_2 et_pb_gutters2\">\n\t\t\t\t<div class=\"et_pb_column et_pb_column_4_4 et_pb_column_2  et_pb_css_mix_blend_mode_passthrough et-last-child\">\n\t\t\t\t\n\t\t\t\t\n\t\t\t\t\n\t\t\t\t\n\t\t\t\t<div class=\"et_pb_module et_pb_text et_pb_text_2  et_pb_text_align_left et_pb_bg_layout_light\">\n\t\t\t\t\n\t\t\t\t\n\t\t\t\t\n\t\t\t\t\n\t\t\t\t<div class=\"et_pb_text_inner\"><p><strong>Die folgenden M\u00f6glichkeiten zur Befund\u00fcbermittlung entsprechend der DGSVO bieten wir an:<\/strong><\/p>\n<ul>\n<li>KIM (elektronischer Datenaustausch mittels KIM \u2013 Kommunikation im Medizinwesen)<\/li>\n<li>NEXUS \/ IBS (elektronischer Datenaustausch unabh\u00e4ngig von KIM)<\/li>\n<li>LDT (Labor-Daten-Transfer ggf. LDT-PDF)<\/li>\n<li>HL7-Schnittstelle zu Gro\u00dfeinsendern bzw. Kliniken<\/li>\n<li>Postversand<\/li>\n<li>E-Mail mit Verschl\u00fcsselung<\/li>\n<li>Fax<\/li>\n<\/ul><\/div>\n\t\t\t<\/div>\n\t\t\t<\/div>\n\t\t\t\t\n\t\t\t\t\n\t\t\t\t\n\t\t\t\t\n\t\t\t<\/div>\n\t\t\t\t\n\t\t\t\t\n\t\t\t<\/div><\/div><div class=\"nxt_content_container\"><div class=\"et_pb_section et_pb_section_3 et_section_regular\" >\n\t\t\t\t\n\t\t\t\t\n\t\t\t\t\n\t\t\t\t\n\t\t\t\t\n\t\t\t\t\n\t\t\t\t<div class=\"et_pb_row et_pb_row_3 et_pb_gutters2\">\n\t\t\t\t<div class=\"et_pb_column et_pb_column_4_4 et_pb_column_3  et_pb_css_mix_blend_mode_passthrough et-last-child\">\n\t\t\t\t\n\t\t\t\t\n\t\t\t\t\n\t\t\t\t\n\t\t\t\t<div class=\"et_pb_module et_pb_text et_pb_text_3  et_pb_text_align_left et_pb_bg_layout_light\">\n\t\t\t\t\n\t\t\t\t\n\t\t\t\t\n\t\t\t\t\n\t\t\t\t<div class=\"et_pb_text_inner\"><ul>\n<li>Wir bieten eine regelm\u00e4\u00dfige Abholung der Pr\u00e4parate durch unseren <strong>Transportdienst<\/strong> im Gro\u00dfraum N\u00fcrtingen (bis beispielsweise Rottenburg, Balingen und G\u00f6ppingen) an.<\/li>\n<li>Fixierte Proben k\u00f6nnen in geeigneten Probengef\u00e4\u00dfen per Post verschickt werden.<\/li>\n<\/ul><\/div>\n\t\t\t<\/div>\n\t\t\t<\/div>\n\t\t\t\t\n\t\t\t\t\n\t\t\t\t\n\t\t\t\t\n\t\t\t<\/div>\n\t\t\t\t\n\t\t\t\t\n\t\t\t<\/div><\/div><\/p>\n","protected":false},"author":1,"featured_media":0,"parent":0,"menu_order":0,"comment_status":"closed","ping_status":"closed","template":"","meta":{"_et_pb_use_builder":"on","_et_pb_old_content":"","_et_gb_content_width":"","footnotes":""},"dipi_cpt_category":[],"class_list":["post-229482","page","type-page","status-publish","hentry"],"_links":{"self":[{"href":"https:\/\/www.qualipath.de\/nuertingen\/wp-json\/wp\/v2\/pages\/229482","targetHints":{"allow":["GET"]}}],"collection":[{"href":"https:\/\/www.qualipath.de\/nuertingen\/wp-json\/wp\/v2\/pages"}],"about":[{"href":"https:\/\/www.qualipath.de\/nuertingen\/wp-json\/wp\/v2\/types\/page"}],"author":[{"embeddable":true,"href":"https:\/\/www.qualipath.de\/nuertingen\/wp-json\/wp\/v2\/users\/1"}],"replies":[{"embeddable":true,"href":"https:\/\/www.qualipath.de\/nuertingen\/wp-json\/wp\/v2\/comments?post=229482"}],"version-history":[{"count":14,"href":"https:\/\/www.qualipath.de\/nuertingen\/wp-json\/wp\/v2\/pages\/229482\/revisions"}],"predecessor-version":[{"id":230396,"href":"https:\/\/www.qualipath.de\/nuertingen\/wp-json\/wp\/v2\/pages\/229482\/revisions\/230396"}],"wp:attachment":[{"href":"https:\/\/www.qualipath.de\/nuertingen\/wp-json\/wp\/v2\/media?parent=229482"}],"wp:term":[{"taxonomy":"dipi_cpt_category","embeddable":true,"href":"https:\/\/www.qualipath.de\/nuertingen\/wp-json\/wp\/v2\/dipi_cpt_category?post=229482"}],"curies":[{"name":"wp","href":"https:\/\/api.w.org\/{rel}","templated":true}]}}