{"id":229517,"date":"2025-02-13T16:52:16","date_gmt":"2025-02-13T15:52:16","guid":{"rendered":"https:\/\/www.qualipath.de\/stuttgart\/?page_id=229517"},"modified":"2025-06-12T09:43:01","modified_gmt":"2025-06-12T07:43:01","slug":"qualitaet","status":"publish","type":"page","link":"https:\/\/www.qualipath.de\/stuttgart\/ueber-uns\/qualitaet\/","title":{"rendered":"Qualit\u00e4t"},"content":{"rendered":"<p>[et_pb_section fb_built=&#8220;1&#8243; admin_label=&#8220;Slider&#8220; _builder_version=&#8220;4.27.4&#8243; _module_preset=&#8220;default&#8220; width=&#8220;100vw&#8220; max_width=&#8220;100vw&#8220; custom_padding=&#8220;0px||0px||false|false&#8220; locked=&#8220;off&#8220; global_colors_info=&#8220;{}&#8220;][et_pb_row _builder_version=&#8220;4.27.4&#8243; _module_preset=&#8220;default&#8220; width=&#8220;90%&#8220; width_tablet=&#8220;100%&#8220; width_phone=&#8220;100%&#8220; width_last_edited=&#8220;on|phone&#8220; custom_margin=&#8220;0px||0px||false|false&#8220; custom_padding=&#8220;0px||0px||false|false&#8220; global_colors_info=&#8220;{}&#8220;][et_pb_column type=&#8220;4_4&#8243; _builder_version=&#8220;4.27.4&#8243; _module_preset=&#8220;default&#8220; global_colors_info=&#8220;{}&#8220;][et_pb_text admin_label=&#8220;Slider-Headline&#8220; _builder_version=&#8220;4.27.4&#8243; _module_preset=&#8220;default&#8220; text_text_color=&#8220;#1D1D1B&#8220; text_font_size=&#8220;28px&#8220; text_line_height=&#8220;1.2em&#8220; header_4_font=&#8220;|600|||||||&#8220; header_4_text_color=&#8220;#1D1D1B&#8220; header_4_font_size=&#8220;30px&#8220; header_4_line_height=&#8220;1.2em&#8220; background_color=&#8220;RGBA(255,255,255,0)&#8220; use_background_color_gradient=&#8220;on&#8220; background_color_gradient_direction=&#8220;91deg&#8220; background_color_gradient_stops=&#8220;#ffffff 0%|rgba(0,196,163,0) 98%&#8220; positioning=&#8220;absolute&#8220; position_origin_a=&#8220;bottom_left&#8220; z_index=&#8220;500&#8243; width=&#8220;50%&#8220; custom_padding=&#8220;2%|5%|1%|5%|false|true&#8220; animation_style=&#8220;slide&#8220; animation_direction=&#8220;bottom&#8220; animation_intensity_slide=&#8220;5%&#8220; global_colors_info=&#8220;{}&#8220;]<\/p>\n<h1><strong>Qualit\u00e4t zahlt sich aus<\/strong><\/h1>\n<h1><\/h1>\n<p>[\/et_pb_text][et_pb_slider show_arrows=&#8220;off&#8220; show_pagination=&#8220;off&#8220; admin_label=&#8220;Slider-Bild&#8220; _builder_version=&#8220;4.27.4&#8243; _module_preset=&#8220;default&#8220; background_enable_image=&#8220;off&#8220; custom_margin=&#8220;||0px||false|false&#8220; auto=&#8220;on&#8220; custom_css_slide_title=&#8220;animation-name:fadeTop;&#8220; custom_css_slide_image=&#8220;animation-name:fadeTop;&#8220; global_colors_info=&#8220;{}&#8220;][et_pb_slide _builder_version=&#8220;4.27.4&#8243; _module_preset=&#8220;default&#8220; background_enable_color=&#8220;off&#8220; background_image=&#8220;https:\/\/www.qualipath.de\/stuttgart\/wp-content\/uploads\/sites\/2\/2025\/02\/qualipath-qualitaet-1.jpg&#8220; background_enable_image=&#8220;on&#8220; global_colors_info=&#8220;{}&#8220; sticky_transition=&#8220;on&#8220;][\/et_pb_slide][et_pb_slide _builder_version=&#8220;4.27.4&#8243; _module_preset=&#8220;default&#8220; background_enable_color=&#8220;off&#8220; background_image=&#8220;https:\/\/www.qualipath.de\/stuttgart\/wp-content\/uploads\/sites\/2\/2025\/02\/qualipath-qualitaet-histo-1.jpg&#8220; background_enable_image=&#8220;on&#8220; global_colors_info=&#8220;{}&#8220; sticky_transition=&#8220;on&#8220;][\/et_pb_slide][et_pb_slide _builder_version=&#8220;4.27.4&#8243; _module_preset=&#8220;default&#8220; background_enable_color=&#8220;off&#8220; background_image=&#8220;https:\/\/www.qualipath.de\/stuttgart\/wp-content\/uploads\/sites\/2\/2025\/02\/qualipath-qualitaet-3.jpg&#8220; background_enable_image=&#8220;on&#8220; global_colors_info=&#8220;{}&#8220; sticky_transition=&#8220;on&#8220;][\/et_pb_slide][\/et_pb_slider][\/et_pb_column][\/et_pb_row][\/et_pb_section][et_pb_section fb_built=&#8220;1&#8243; admin_label=&#8220;Inhalt&#8220; _builder_version=&#8220;4.27.4&#8243; _module_preset=&#8220;default&#8220; custom_margin=&#8220;0px||0px||false|false&#8220; custom_padding=&#8220;0px||50px||false|false&#8220; animation_style=&#8220;fade&#8220; collapsed=&#8220;on&#8220; global_colors_info=&#8220;{}&#8220;][et_pb_row _builder_version=&#8220;4.27.4&#8243; _module_preset=&#8220;default&#8220; width=&#8220;90%&#8220; global_colors_info=&#8220;{}&#8220;][et_pb_column type=&#8220;4_4&#8243; _builder_version=&#8220;4.27.4&#8243; _module_preset=&#8220;default&#8220; global_colors_info=&#8220;{}&#8220;][et_pb_text _builder_version=&#8220;4.27.4&#8243; _module_preset=&#8220;default&#8220; custom_margin=&#8220;||10px||false|false&#8220; global_colors_info=&#8220;{}&#8220;]<\/p>\n<h2>\u201eQualit\u00e4t bedeutet, das Richtige zu tun, wenn keiner zuschaut.\u201c<\/h2>\n<p>[\/et_pb_text][et_pb_text _builder_version=&#8220;4.27.4&#8243; _module_preset=&#8220;default&#8220; custom_margin=&#8220;-15px||10px||false|false&#8220; global_colors_info=&#8220;{}&#8220;]Willy Meurer[\/et_pb_text][et_pb_text _builder_version=&#8220;4.27.4&#8243; _module_preset=&#8220;default&#8220; global_colors_info=&#8220;{}&#8220;]<\/p>\n<p>Getreu diesem Motto erfolgen in unserer BAG f\u00fcr Pathologie umfangreiche und kontinuierliche Ma\u00dfnahmen zur Qualit\u00e4tssicherung in den Teilbereichen Mitarbeiterqualifikation und Prozessqualit\u00e4t. Als wichtige technische Voraussetzung f\u00fcr die perfekte Qualit\u00e4t werden die Proben vollst\u00e4ndig elektronisch erfasst und barcodiert, sodass alle Arbeitsschritte vom Probeneingang und Zuschneiden bis zum Befundausgang vollst\u00e4ndig dokumentiert sind. So k\u00f6nnen wir optimale Prozessabl\u00e4ufe und Sicherheit gew\u00e4hrleisten, welche eine schnelle und zuverl\u00e4ssige Diagnostik garantieren.<\/p>\n<p>[\/et_pb_text][et_pb_accordion open_toggle_text_color=&#8220;#0092BB&#8220; open_toggle_background_color=&#8220;RGBA(255,255,255,0)&#8220; closed_toggle_text_color=&#8220;#0092BB&#8220; closed_toggle_background_color=&#8220;RGBA(255,255,255,0)&#8220; toggle_icon=&#8220;&#x35;||divi||400&#8243; icon_color=&#8220;#0092BB&#8220; use_icon_font_size=&#8220;on&#8220; icon_font_size=&#8220;28px&#8220; module_class=&#8220;pa-accordion-clickable-area pa-add-accordion-icon open-close-accordion&#8220; _builder_version=&#8220;4.27.4&#8243; _module_preset=&#8220;default&#8220; toggle_line_height=&#8220;1.4em&#8220; custom_margin=&#8220;0px||0px||false|false&#8220; custom_padding=&#8220;0px|0px|0px|0px|false|false&#8220; global_colors_info=&#8220;{}&#8220;][et_pb_accordion_item title=&#8220;Regelm\u00e4\u00dfige Fortbildung&#8220; open=&#8220;on&#8220; _builder_version=&#8220;4.27.4&#8243; _module_preset=&#8220;default&#8220; custom_margin=&#8220;||10px||false|false&#8220; custom_padding=&#8220;0px||||false|false&#8220; global_colors_info=&#8220;{}&#8220;]<\/p>\n<div class=\"nxt_content_container\">[et_pb_section fb_built=\"1\" _builder_version=\"4.27.4\" hover_enabled=\"0\" template_type=\"section\" global_colors_info=\"{}\" custom_padding=\"0px||0px||false|false\" sticky_enabled=\"0\"][et_pb_row _builder_version=\"4.27.4\" _module_preset=\"default\" use_custom_gutter=\"on\" gutter_width=\"2\" width=\"100%\" max_width=\"100%\" custom_margin=\"0px||0px||false|false\" custom_padding=\"20px|20px|20px|20px|false|false\" hover_enabled=\"0\" sticky_enabled=\"0\"][et_pb_column _builder_version=\"4.27.4\" _module_preset=\"default\" type=\"4_4\"][et_pb_text _builder_version=\"4.27.4\" _module_preset=\"default\" hover_enabled=\"0\" sticky_enabled=\"0\"]<p>Wir nehmen regelm\u00e4\u00dfig (5-10 Tage\/Jahr) an nationalen und internationalen Fortbildungen und Konferenzen teil. Es erfolgt eine kontinuierliche Fort- und Weiterbildung unserer\u00a0 medizinisch- technischen Assistenten (z.B. Bamberger Morphologietage).<\/p>[\/et_pb_text][\/et_pb_column][\/et_pb_row][\/et_pb_section]<\/div>\n<p>[\/et_pb_accordion_item][et_pb_accordion_item title=&#8220;T\u00e4gliche Fallkonferenz&#8220; _builder_version=&#8220;4.27.4&#8243; _module_preset=&#8220;default&#8220; custom_margin=&#8220;||10px||false|false&#8220; global_colors_info=&#8220;{}&#8220; open=&#8220;off&#8220;]<\/p>\n<div class=\"nxt_content_container\">[et_pb_section fb_built=\"1\" _builder_version=\"4.27.4\" custom_padding=\"0px||0px||false|false\" template_type=\"section\" global_colors_info=\"{}\"][et_pb_row use_custom_gutter=\"on\" gutter_width=\"2\" _builder_version=\"4.27.4\" _module_preset=\"default\" width=\"100%\" max_width=\"100%\" custom_margin=\"0px||0px||false|false\" custom_padding=\"20px|20px|20px|20px|false|false\" global_colors_info=\"{}\"][et_pb_column type=\"4_4\" _builder_version=\"4.27.4\" _module_preset=\"default\" global_colors_info=\"{}\"][et_pb_text _builder_version=\"4.27.5\" _module_preset=\"default\" hover_enabled=\"0\" global_colors_info=\"{}\" sticky_enabled=\"0\"]<p>Interessante und schwierige F\u00e4lle aus dem aktuellen Eingang werden jeden Tag unter Beteiligung aller \u00e4rztlichen Kollegen besprochen und konsentiert.<\/p>[\/et_pb_text][\/et_pb_column][\/et_pb_row][\/et_pb_section]<\/div>\n<p>[\/et_pb_accordion_item][et_pb_accordion_item title=&#8220;Kooperationspartner&#8220; _builder_version=&#8220;4.27.4&#8243; _module_preset=&#8220;default&#8220; custom_margin=&#8220;||10px||false|false&#8220; global_colors_info=&#8220;{}&#8220; open=&#8220;off&#8220;]<\/p>\n<div class=\"nxt_content_container\">[et_pb_section fb_built=\"1\" admin_label=\"section\" _builder_version=\"4.27.5\" hover_enabled=\"0\" global_colors_info=\"{}\" custom_padding=\"0px||0px||false|false\" sticky_enabled=\"0\"][et_pb_row use_custom_gutter=\"on\" gutter_width=\"2\" _builder_version=\"4.27.4\" _module_preset=\"default\" width=\"100%\" max_width=\"100%\" custom_margin=\"0px||0px||false|false\" custom_padding=\"20px|20px|20px|20px|false|false\" locked=\"off\" global_colors_info=\"{}\"][et_pb_column type=\"4_4\" _builder_version=\"4.27.4\" _module_preset=\"default\" global_colors_info=\"{}\"][et_pb_text _builder_version=\"4.27.5\" _module_preset=\"default\" hover_enabled=\"0\" global_colors_info=\"{}\" sticky_enabled=\"0\"]<p>Rarit\u00e4ten, F\u00e4lle mit obligaten molekularpathologischen Zusatzuntersuchgen (z.B. Sarkome) und die meisten h\u00e4matologischen Erkrankungen stellen wir bei Kollegen zu konsiliarpathologischen Zweitmeinung vor.<\/p>\n<p>Eine Aufstellung aller Konsiliarpartner liegt vor und kann auf Wunsch zur Verf\u00fcgung gestellt werden.<\/p>[\/et_pb_text][\/et_pb_column][\/et_pb_row][\/et_pb_section]<\/div>\n<p>[\/et_pb_accordion_item][et_pb_accordion_item title=&#8220;Akkreditierung&#8220; _builder_version=&#8220;4.27.4&#8243; _module_preset=&#8220;default&#8220; custom_margin=&#8220;||10px||false|false&#8220; global_colors_info=&#8220;{}&#8220; open=&#8220;off&#8220;]<\/p>\n<div class=\"nxt_content_container\">[et_pb_section fb_built=\"1\" admin_label=\"section\" _builder_version=\"4.27.5\" custom_margin=\"||||false|false\" custom_padding=\"0px||0px||false|false\" global_colors_info=\"{}\"][et_pb_row use_custom_gutter=\"on\" gutter_width=\"2\" _builder_version=\"4.27.4\" _module_preset=\"default\" width=\"100%\" max_width=\"100%\" custom_margin=\"0px||0px||false|false\" custom_padding=\"20px|20px|20px|20px|false|false\" locked=\"off\" global_colors_info=\"{}\"][et_pb_column type=\"4_4\" _builder_version=\"4.27.4\" _module_preset=\"default\" global_colors_info=\"{}\"][et_pb_text _builder_version=\"4.27.5\" _module_preset=\"default\" hover_enabled=\"0\" global_colors_info=\"{}\" sticky_enabled=\"0\"]<p>Seit 12.02.2020 ist unsere Praxis durch die Deutsche Akkreditierungsstelle (DAkkS), nach DIN EN ISO\/IEC 17020:2012, als Inspektionsstelle Typ A reakkreditiert.<\/p>\n<p>Die Aufrechterhaltung der Akkreditierung wurde durch eine \u00dcberwachungsbegutachtung in 2025 erneut best\u00e4tigt.<\/p>[\/et_pb_text][et_pb_text disabled_on=\"off|off|off\" _builder_version=\"4.27.5\" _module_preset=\"default\" hover_enabled=\"0\" global_colors_info=\"{}\" sticky_enabled=\"0\"]<p>Qualit\u00e4tsmanagementbeauftragte: Diane Killemann<\/p>[\/et_pb_text][et_pb_text _builder_version=\"4.27.5\" _module_preset=\"default\" global_colors_info=\"{}\"]<p><a href=\"https:\/\/www.qualipath.de\/stuttgart\/wp-content\/uploads\/sites\/2\/2026\/03\/D-IS-19526-02-00.pdf\" target=\"_blank\" rel=\"noopener\"><strong>Akkreditierungsurkunde<\/strong><\/a><br \/><a href=\"https:\/\/www.qualipath.de\/stuttgart\/wp-content\/uploads\/sites\/2\/2026\/03\/D-IS-19526-02-01.pdf\" target=\"_blank\" rel=\"noopener\"><strong>Anlage zur Akkreditierungsurkunde<\/strong><\/a><\/p>[\/et_pb_text][\/et_pb_column][\/et_pb_row][\/et_pb_section]<\/div>\n<p>[\/et_pb_accordion_item][et_pb_accordion_item title=&#8220;Beteiligung an zertifizierte Organzentren&#8220; _builder_version=&#8220;4.27.4&#8243; _module_preset=&#8220;default&#8220; custom_margin=&#8220;||10px||false|false&#8220; global_colors_info=&#8220;{}&#8220; open=&#8220;off&#8220;]<\/p>\n<div class=\"nxt_content_container\">[et_pb_section fb_built=\"1\" _builder_version=\"4.27.4\" hover_enabled=\"0\" template_type=\"section\" global_colors_info=\"{}\" custom_padding=\"0px||0px||false|false\" sticky_enabled=\"0\"][et_pb_row _builder_version=\"4.27.4\" _module_preset=\"default\" use_custom_gutter=\"on\" gutter_width=\"2\" width=\"100%\" max_width=\"100%\" custom_margin=\"0px||0px||false|false\" custom_padding=\"20px|20px|20px|20px|false|false\" hover_enabled=\"0\" sticky_enabled=\"0\"][et_pb_column _builder_version=\"4.27.4\" _module_preset=\"default\" type=\"4_4\"][et_pb_text _builder_version=\"4.27.4\" _module_preset=\"default\" hover_enabled=\"0\" sticky_enabled=\"0\"]<p><strong>Wir sind Kooperationspartner des:<\/strong><\/p>\n<ul>\n<li>zertifizierten Brustzentrums am Diakonie-Klinikum, Stuttgart<\/li>\n<li>zertifizierten Brustzentrums der Rems-Murr Kliniken (Schorndorf, Winnenden)<\/li>\n<li>zertifizierten Prostatekrebszentrums am Diakonie-Klinikum, Stuttgart<\/li>\n<li>zertifizierten Endoprothetikzentrums am Diakonie-Klinikum, Stuttgart<\/li>\n<li>zertifizierten diabetischen Fu\u00dfzentrums am Diakonie-Klinikum, Stuttgart<\/li>\n<li>zertifizierten H\u00e4matologisches Zentrum am Diakonie-Klinikum, Stuttgart<\/li>\n<li>zertifizierten Onkologisches Zentrum am Diakonie-Klinikum, Stuttgart<\/li>\n<li>Endometriosezentrums, Rems-Murr Kliniken<\/li>\n<\/ul>[\/et_pb_text][\/et_pb_column][\/et_pb_row][\/et_pb_section]<\/div>\n<p>[\/et_pb_accordion_item][et_pb_accordion_item title=&#8220;Qualit\u00e4tszirkel&#8220; _builder_version=&#8220;4.27.4&#8243; _module_preset=&#8220;default&#8220; custom_margin=&#8220;||10px||false|false&#8220; global_colors_info=&#8220;{}&#8220; open=&#8220;off&#8220;]<\/p>\n<div class=\"nxt_content_container\">[et_pb_section fb_built=\"1\" _builder_version=\"4.27.4\" hover_enabled=\"0\" template_type=\"section\" global_colors_info=\"{}\" custom_padding=\"0px||0px||false|false\" sticky_enabled=\"0\"][et_pb_row _builder_version=\"4.27.4\" _module_preset=\"default\" use_custom_gutter=\"on\" gutter_width=\"2\" width=\"100%\" max_width=\"100%\" custom_margin=\"0px||0px||false|false\" custom_padding=\"20px|20px|20px|20px|false|false\" hover_enabled=\"0\" sticky_enabled=\"0\"][et_pb_column _builder_version=\"4.27.4\" _module_preset=\"default\" type=\"4_4\"][et_pb_text _builder_version=\"4.27.4\" _module_preset=\"default\" hover_enabled=\"0\" sticky_enabled=\"0\"]<p>Die BAG nimmt regelm\u00e4\u00dfig (bis zu 4-mal im Jahr) am Qualit\u00e4tszirkel \u201ePathologie und Dermapathologie T\u00fcbingen\u201c mit Fallvorstellungen aus der eigenen Praxis teil.<\/p>[\/et_pb_text][\/et_pb_column][\/et_pb_row][\/et_pb_section]<\/div>\n<p>[\/et_pb_accordion_item][et_pb_accordion_item title=&#8220;Ringversuche&#8220; _builder_version=&#8220;4.27.4&#8243; _module_preset=&#8220;default&#8220; custom_margin=&#8220;||10px||false|false&#8220; global_colors_info=&#8220;{}&#8220; open=&#8220;off&#8220;]<\/p>\n<div class=\"nxt_content_container\">[et_pb_section fb_built=\"1\" _builder_version=\"4.27.4\" custom_padding=\"0px||0px||false|false\" template_type=\"section\" global_colors_info=\"{}\"][et_pb_row use_custom_gutter=\"on\" gutter_width=\"2\" _builder_version=\"4.27.4\" _module_preset=\"default\" width=\"100%\" max_width=\"100%\" custom_margin=\"0px||0px||false|false\" custom_padding=\"20px|20px|20px|20px|false|false\" global_colors_info=\"{}\"][et_pb_column type=\"4_4\" _builder_version=\"4.27.4\" _module_preset=\"default\" global_colors_info=\"{}\"][et_pb_text _builder_version=\"4.27.4\" _module_preset=\"default\" hover_enabled=\"0\" global_colors_info=\"{}\" sticky_enabled=\"0\"]<p>Nehmen der regelm\u00e4\u00dfigen Validierung unserer Methoden, nehmen wir jedes Jahr an externen Ringversuchen teil.<br \/>Eine \u00dcbersicht der Zertifikate finden Sie im <strong><a href=\"\/stuttgart\/downloads\/\">Downloadbereich<\/a>.<\/strong><\/p>[\/et_pb_text][\/et_pb_column][\/et_pb_row][\/et_pb_section]<\/div>\n<p>[\/et_pb_accordion_item][\/et_pb_accordion][\/et_pb_column][\/et_pb_row][\/et_pb_section]<\/p>\n","protected":false},"excerpt":{"rendered":"<p>Qualit\u00e4t zahlt sich aus \u201eQualit\u00e4t bedeutet, das Richtige zu tun, wenn keiner zuschaut.\u201cWilly MeurerGetreu diesem Motto erfolgen in unserer BAG f\u00fcr Pathologie umfangreiche und kontinuierliche Ma\u00dfnahmen zur Qualit\u00e4tssicherung in den Teilbereichen Mitarbeiterqualifikation und Prozessqualit\u00e4t. Als wichtige technische Voraussetzung f\u00fcr die perfekte Qualit\u00e4t werden die Proben vollst\u00e4ndig elektronisch erfasst und barcodiert, sodass alle Arbeitsschritte vom Probeneingang [&hellip;]<\/p>\n","protected":false},"author":1,"featured_media":0,"parent":229441,"menu_order":0,"comment_status":"closed","ping_status":"closed","template":"","meta":{"_et_pb_use_builder":"on","_et_pb_old_content":"","_et_gb_content_width":"","footnotes":""},"dipi_cpt_category":[],"class_list":["post-229517","page","type-page","status-publish","hentry"],"_links":{"self":[{"href":"https:\/\/www.qualipath.de\/stuttgart\/wp-json\/wp\/v2\/pages\/229517","targetHints":{"allow":["GET"]}}],"collection":[{"href":"https:\/\/www.qualipath.de\/stuttgart\/wp-json\/wp\/v2\/pages"}],"about":[{"href":"https:\/\/www.qualipath.de\/stuttgart\/wp-json\/wp\/v2\/types\/page"}],"author":[{"embeddable":true,"href":"https:\/\/www.qualipath.de\/stuttgart\/wp-json\/wp\/v2\/users\/1"}],"replies":[{"embeddable":true,"href":"https:\/\/www.qualipath.de\/stuttgart\/wp-json\/wp\/v2\/comments?post=229517"}],"version-history":[{"count":6,"href":"https:\/\/www.qualipath.de\/stuttgart\/wp-json\/wp\/v2\/pages\/229517\/revisions"}],"predecessor-version":[{"id":230489,"href":"https:\/\/www.qualipath.de\/stuttgart\/wp-json\/wp\/v2\/pages\/229517\/revisions\/230489"}],"up":[{"embeddable":true,"href":"https:\/\/www.qualipath.de\/stuttgart\/wp-json\/wp\/v2\/pages\/229441"}],"wp:attachment":[{"href":"https:\/\/www.qualipath.de\/stuttgart\/wp-json\/wp\/v2\/media?parent=229517"}],"wp:term":[{"taxonomy":"dipi_cpt_category","embeddable":true,"href":"https:\/\/www.qualipath.de\/stuttgart\/wp-json\/wp\/v2\/dipi_cpt_category?post=229517"}],"curies":[{"name":"wp","href":"https:\/\/api.w.org\/{rel}","templated":true}]}}